{"id":185,"date":"2019-06-09T20:30:48","date_gmt":"2019-06-09T20:30:48","guid":{"rendered":"http:\/\/adrianburgos.com.ar.elserver.com\/?page_id=185"},"modified":"2026-03-26T19:13:32","modified_gmt":"2026-03-26T22:13:32","slug":"mis-frases","status":"publish","type":"page","link":"https:\/\/www.adrianburgos.com.ar\/index.php\/mis-frases\/","title":{"rendered":"MIS FRASES"},"content":{"rendered":"\t\t<div data-elementor-type=\"wp-post\" data-elementor-id=\"185\" class=\"elementor elementor-185\" data-elementor-post-type=\"page\">\n\t\t\t\t\t\t<section class=\"elementor-section elementor-top-section elementor-element elementor-element-481fcff elementor-section-stretched elementor-section-height-min-height elementor-section-items-bottom elementor-section-content-bottom elementor-section-boxed elementor-section-height-default\" data-id=\"481fcff\" data-element_type=\"section\" data-e-type=\"section\" data-settings=\"{&quot;background_background&quot;:&quot;slideshow&quot;,&quot;stretch_section&quot;:&quot;section-stretched&quot;,&quot;background_slideshow_gallery&quot;:[{&quot;id&quot;:1172,&quot;url&quot;:&quot;http:\\\/\\\/localhost\\\/burgos\\\/wp-content\\\/uploads\\\/2021\\\/08\\\/28575657_10215093218628911_530830568664544102_n.jpg&quot;}],&quot;background_slideshow_loop&quot;:&quot;yes&quot;,&quot;background_slideshow_slide_duration&quot;:5000,&quot;background_slideshow_slide_transition&quot;:&quot;fade&quot;,&quot;background_slideshow_transition_duration&quot;:500}\">\n\t\t\t\t\t\t<div class=\"elementor-container elementor-column-gap-default\">\n\t\t\t\t\t<div class=\"elementor-column elementor-col-100 elementor-top-column elementor-element elementor-element-656359b\" data-id=\"656359b\" data-element_type=\"column\" data-e-type=\"column\">\n\t\t\t<div class=\"elementor-widget-wrap elementor-element-populated\">\n\t\t\t\t\t\t<div class=\"elementor-element elementor-element-b0a3bf3 elementor-widget elementor-widget-heading\" data-id=\"b0a3bf3\" data-element_type=\"widget\" data-e-type=\"widget\" data-widget_type=\"heading.default\">\n\t\t\t\t<div class=\"elementor-widget-container\">\n\t\t\t\t\t<h1 class=\"elementor-heading-title elementor-size-default\">MIS FRASES<\/h1>\t\t\t\t<\/div>\n\t\t\t\t<\/div>\n\t\t\t\t\t<\/div>\n\t\t<\/div>\n\t\t\t\t\t<\/div>\n\t\t<\/section>\n\t\t\t\t<section class=\"elementor-section elementor-top-section elementor-element elementor-element-7c22b80 elementor-section-stretched elementor-section-boxed elementor-section-height-default elementor-section-height-default\" data-id=\"7c22b80\" data-element_type=\"section\" data-e-type=\"section\" data-settings=\"{&quot;stretch_section&quot;:&quot;section-stretched&quot;,&quot;background_background&quot;:&quot;gradient&quot;}\">\n\t\t\t\t\t\t<div class=\"elementor-container elementor-column-gap-default\">\n\t\t\t\t\t<div class=\"elementor-column elementor-col-100 elementor-top-column elementor-element elementor-element-6b2e87f\" data-id=\"6b2e87f\" data-element_type=\"column\" data-e-type=\"column\">\n\t\t\t<div class=\"elementor-widget-wrap elementor-element-populated\">\n\t\t\t\t\t\t<div class=\"elementor-element elementor-element-31c2bef elementor-widget elementor-widget-heading\" data-id=\"31c2bef\" data-element_type=\"widget\" data-e-type=\"widget\" data-widget_type=\"heading.default\">\n\t\t\t\t<div class=\"elementor-widget-container\">\n\t\t\t\t\t<h2 class=\"elementor-heading-title elementor-size-default\">Mis 40 frases sobre el Tiro Practico<\/h2>\t\t\t\t<\/div>\n\t\t\t\t<\/div>\n\t\t\t\t<section class=\"elementor-section elementor-inner-section elementor-element elementor-element-0e02543 elementor-section-boxed elementor-section-height-default elementor-section-height-default\" data-id=\"0e02543\" data-element_type=\"section\" data-e-type=\"section\">\n\t\t\t\t\t\t<div class=\"elementor-container elementor-column-gap-default\">\n\t\t\t\t\t<div class=\"elementor-column elementor-col-50 elementor-inner-column elementor-element elementor-element-c40fe5c\" data-id=\"c40fe5c\" data-element_type=\"column\" data-e-type=\"column\">\n\t\t\t<div class=\"elementor-widget-wrap elementor-element-populated\">\n\t\t\t\t\t\t<div class=\"elementor-element elementor-element-dafa92c elementor-widget elementor-widget-text-editor\" data-id=\"dafa92c\" data-element_type=\"widget\" data-e-type=\"widget\" data-widget_type=\"text-editor.default\">\n\t\t\t\t<div class=\"elementor-widget-container\">\n\t\t\t\t\t\t\t\t\t<ol><li>El dedo \u00edndice desacomoda lo que la vista v\u00e9<\/li><li>La velocidad extrema pasa a ser torpeza<\/li><li>El doble tap no sirve si el pasaje es lento<\/li><li>Una etapa se debe ver detr\u00e1s de las miras, sino algo est\u00e1 mal<\/li><li>Hay que descubrir a los blancos y no que ellos nos vean primero<\/li><li>La forma m\u00e1s r\u00e1pida de pasar de un blanco a otro es geom\u00e9trica: Una l\u00ednea recta<\/li><li>Los parapetos, tambores, escenograf\u00eda, etc. no existen, solo est\u00e1n para distraer.<\/li><li>No gana el mejor el algo, sino el m\u00e1s parejo en todo<\/li><li>Entren\u00e1 como si estuvieras en un torneo<\/li><li>Leer solo el tiempo final del timmer no sirve<\/li><li>Frenar en los metales<\/li><li>Imposible sacarse los nervios, hay que disparar con ellos y sacarles provecho<\/li><li>La comuni\u00f3n entre tirador-arma es la que realmente compite<\/li><li>No te mates desenfundando, solo lo vas a hacer m\u00e1ximo 10 veces por torneo<\/li><li>El TP solo discrimina a los inseguros !!<\/li><li>La mejor inversi\u00f3n es un equipo de recarga<\/li><li>Apretar el gatillo es f\u00e1cil, controlarlo es lo dif\u00edcil<\/li><li>La presi\u00f3n sobre el disparador debe ser hacia el pecho<\/li><li>Etapa corta : puntos, etapa larga : tiempo<\/li><li>Es lo mismo un desenfunde en 1 segundo pegando una C que uno en 1,66 pegando una A<\/li><\/ol>\t\t\t\t\t\t\t\t<\/div>\n\t\t\t\t<\/div>\n\t\t\t\t\t<\/div>\n\t\t<\/div>\n\t\t\t\t<div class=\"elementor-column elementor-col-50 elementor-inner-column elementor-element elementor-element-8e90a0c\" data-id=\"8e90a0c\" data-element_type=\"column\" data-e-type=\"column\">\n\t\t\t<div class=\"elementor-widget-wrap elementor-element-populated\">\n\t\t\t\t\t\t<div class=\"elementor-element elementor-element-bd168b6 elementor-widget elementor-widget-text-editor\" data-id=\"bd168b6\" data-element_type=\"widget\" data-e-type=\"widget\" data-widget_type=\"text-editor.default\">\n\t\t\t\t<div class=\"elementor-widget-container\">\n\t\t\t\t\t\t\t\t\t<ol>\n \t<li value=\"21\">Nunca mires a quien dispara delante de ti, puede confundirte<\/li>\n \t<li>La meseta del 90% es la m\u00e1s dif\u00edcil de pasar<\/li>\n \t<li>Cuando un tirador de punta ponga su dedo sobre tu nombre en los verify entraste en la alta competencia<\/li>\n \t<li>No hay como armarte tus propias municiones<\/li>\n \t<li>Entrenar sin saber que hacer es gastar tiempo y dinero<\/li>\n \t<li>Un buen briefing es sentir que estamos disparando<\/li>\n \t<li>Vine a divertirme: Mentira !!<\/li>\n \t<li>Miras n\u00edtidas, blancos difusos<\/li>\n \t<li>El TP se v\u00e9, no se escucha<\/li>\n \t<li>Un buen pasaje de blancos se hace con el torso, no solo con los brazos<\/li>\n \t<li>El tiempo es divisor, pero si no sumamos puntos no dividimos nada<\/li>\n \t<li>Ir aprendiendo la t\u00e9cnica sobre la certeza de los disparos es lo ideal<\/li>\n \t<li>Como en muchos otros \u00f3rdenes de la vida, en el tp pasa lo mismo: los n\u00fameros mandan<\/li>\n \t<li>No sirve entrenar sin timmer<\/li>\n \t<li>Si no existiera una Federaci\u00f3n estar\u00edamos dispar\u00e1ndole a las latas !!<\/li>\n \t<li>Ense\u00f1o TP igual que en la escuela primaria: Primero a sumar, luego a dividir !!!!!<\/li>\n \t<li>S\u00e9 autocritico, si buscas excusas nunca vas a aprender nada sobre TP<\/li>\n \t<li>Carg\u00e1 mas los entrenamientos con aquello en que fallas<\/li>\n \t<li>Siempre que entres a un puesto trata de dispararle a lo primero que veas<\/li>\n \t<li>Gracias TP por todo lo que me diste !!!!!!!!!!<\/li>\n<\/ol>\t\t\t\t\t\t\t\t<\/div>\n\t\t\t\t<\/div>\n\t\t\t\t\t<\/div>\n\t\t<\/div>\n\t\t\t\t\t<\/div>\n\t\t<\/section>\n\t\t\t\t\t<\/div>\n\t\t<\/div>\n\t\t\t\t\t<\/div>\n\t\t<\/section>\n\t\t\t\t<section class=\"elementor-section elementor-top-section elementor-element elementor-element-75e4906e elementor-section-stretched elementor-section-boxed elementor-section-height-default elementor-section-height-default\" data-id=\"75e4906e\" data-element_type=\"section\" data-e-type=\"section\" data-settings=\"{&quot;stretch_section&quot;:&quot;section-stretched&quot;}\">\n\t\t\t\t\t\t<div class=\"elementor-container elementor-column-gap-default\">\n\t\t\t\t\t<div class=\"elementor-column elementor-col-100 elementor-top-column elementor-element elementor-element-5e3e5221\" data-id=\"5e3e5221\" data-element_type=\"column\" data-e-type=\"column\">\n\t\t\t<div class=\"elementor-widget-wrap elementor-element-populated\">\n\t\t\t\t\t\t<div class=\"elementor-element elementor-element-2c8b1e98 elementor-shape-rounded elementor-grid-0 e-grid-align-center elementor-widget elementor-widget-social-icons\" data-id=\"2c8b1e98\" data-element_type=\"widget\" data-e-type=\"widget\" data-widget_type=\"social-icons.default\">\n\t\t\t\t<div class=\"elementor-widget-container\">\n\t\t\t\t\t\t\t<div class=\"elementor-social-icons-wrapper elementor-grid\" role=\"list\">\n\t\t\t\t\t\t\t<span class=\"elementor-grid-item\" role=\"listitem\">\n\t\t\t\t\t<a class=\"elementor-icon elementor-social-icon elementor-social-icon-facebook-f elementor-repeater-item-19f00e6\" href=\"https:\/\/www.facebook.com\/adrian.burgos.39\" target=\"_blank\">\n\t\t\t\t\t\t<span class=\"elementor-screen-only\">Facebook-f<\/span>\n\t\t\t\t\t\t<i aria-hidden=\"true\" class=\"fab fa-facebook-f\"><\/i>\t\t\t\t\t<\/a>\n\t\t\t\t<\/span>\n\t\t\t\t\t\t\t<span class=\"elementor-grid-item\" role=\"listitem\">\n\t\t\t\t\t<a class=\"elementor-icon elementor-social-icon elementor-social-icon-instagram elementor-repeater-item-76a7324\" href=\"https:\/\/www.instagram.com\/adrianburgosipsc\/\" target=\"_blank\">\n\t\t\t\t\t\t<span class=\"elementor-screen-only\">Instagram<\/span>\n\t\t\t\t\t\t<i aria-hidden=\"true\" class=\"fab fa-instagram\"><\/i>\t\t\t\t\t<\/a>\n\t\t\t\t<\/span>\n\t\t\t\t\t\t\t<span class=\"elementor-grid-item\" role=\"listitem\">\n\t\t\t\t\t<a class=\"elementor-icon elementor-social-icon elementor-social-icon-youtube elementor-repeater-item-ab96798\" href=\"https:\/\/www.youtube.com\/user\/adrianburgoscomar\" target=\"_blank\">\n\t\t\t\t\t\t<span class=\"elementor-screen-only\">Youtube<\/span>\n\t\t\t\t\t\t<i aria-hidden=\"true\" class=\"fab fa-youtube\"><\/i>\t\t\t\t\t<\/a>\n\t\t\t\t<\/span>\n\t\t\t\t\t\t\t<span class=\"elementor-grid-item\" role=\"listitem\">\n\t\t\t\t\t<a class=\"elementor-icon elementor-social-icon elementor-social-icon-whatsapp elementor-repeater-item-90d6184\" href=\"https:\/\/api.whatsapp.com\/send\/?phone=5491165095820&#038;text=Hola&#038;type=phone_number&#038;app_absent=0\" target=\"_blank\">\n\t\t\t\t\t\t<span class=\"elementor-screen-only\">Whatsapp<\/span>\n\t\t\t\t\t\t<i aria-hidden=\"true\" class=\"fab fa-whatsapp\"><\/i>\t\t\t\t\t<\/a>\n\t\t\t\t<\/span>\n\t\t\t\t\t<\/div>\n\t\t\t\t\t\t<\/div>\n\t\t\t\t<\/div>\n\t\t\t\t\t<\/div>\n\t\t<\/div>\n\t\t\t\t\t<\/div>\n\t\t<\/section>\n\t\t\t\t<\/div>\n\t\t","protected":false},"excerpt":{"rendered":"<p>MIS FRASES Mis 40 frases sobre el Tiro Practico El dedo \u00edndice desacomoda lo que la vista v\u00e9 La velocidad extrema pasa a ser torpeza El doble tap no sirve si el pasaje es lento Una etapa se debe ver detr\u00e1s de las miras, sino algo est\u00e1 mal Hay que descubrir a los blancos y&#8230;<\/p>\n","protected":false},"author":1,"featured_media":0,"parent":0,"menu_order":0,"comment_status":"closed","ping_status":"closed","template":"","meta":{"ngg_post_thumbnail":0,"_kadence_starter_templates_imported_post":false,"_kad_post_transparent":"","_kad_post_title":"","_kad_post_layout":"","_kad_post_sidebar_id":"","_kad_post_content_style":"","_kad_post_vertical_padding":"","_kad_post_feature":"","_kad_post_feature_position":"","_kad_post_header":false,"_kad_post_footer":false,"_kad_post_classname":"","footnotes":""},"class_list":["post-185","page","type-page","status-publish","hentry"],"_links":{"self":[{"href":"https:\/\/www.adrianburgos.com.ar\/index.php\/wp-json\/wp\/v2\/pages\/185","targetHints":{"allow":["GET"]}}],"collection":[{"href":"https:\/\/www.adrianburgos.com.ar\/index.php\/wp-json\/wp\/v2\/pages"}],"about":[{"href":"https:\/\/www.adrianburgos.com.ar\/index.php\/wp-json\/wp\/v2\/types\/page"}],"author":[{"embeddable":true,"href":"https:\/\/www.adrianburgos.com.ar\/index.php\/wp-json\/wp\/v2\/users\/1"}],"replies":[{"embeddable":true,"href":"https:\/\/www.adrianburgos.com.ar\/index.php\/wp-json\/wp\/v2\/comments?post=185"}],"version-history":[{"count":6,"href":"https:\/\/www.adrianburgos.com.ar\/index.php\/wp-json\/wp\/v2\/pages\/185\/revisions"}],"predecessor-version":[{"id":1486,"href":"https:\/\/www.adrianburgos.com.ar\/index.php\/wp-json\/wp\/v2\/pages\/185\/revisions\/1486"}],"wp:attachment":[{"href":"https:\/\/www.adrianburgos.com.ar\/index.php\/wp-json\/wp\/v2\/media?parent=185"}],"curies":[{"name":"wp","href":"https:\/\/api.w.org\/{rel}","templated":true}]}}