{"id":181,"date":"2019-06-09T20:28:57","date_gmt":"2019-06-09T20:28:57","guid":{"rendered":"http:\/\/adrianburgos.com.ar.elserver.com\/?page_id=181"},"modified":"2026-03-26T19:12:09","modified_gmt":"2026-03-26T22:12:09","slug":"cursos","status":"publish","type":"page","link":"https:\/\/www.adrianburgos.com.ar\/index.php\/cursos\/","title":{"rendered":"CURSOS"},"content":{"rendered":"\t\t<div data-elementor-type=\"wp-post\" data-elementor-id=\"181\" class=\"elementor elementor-181\" data-elementor-post-type=\"page\">\n\t\t\t\t\t\t<section class=\"elementor-section elementor-top-section elementor-element elementor-element-5b743e4 elementor-section-stretched elementor-section-height-min-height elementor-section-items-bottom elementor-section-content-bottom elementor-section-boxed elementor-section-height-default\" data-id=\"5b743e4\" data-element_type=\"section\" data-e-type=\"section\" data-settings=\"{&quot;background_background&quot;:&quot;slideshow&quot;,&quot;stretch_section&quot;:&quot;section-stretched&quot;,&quot;background_slideshow_gallery&quot;:[{&quot;id&quot;:243,&quot;url&quot;:&quot;http:\\\/\\\/localhost\\\/burgos\\\/wp-content\\\/uploads\\\/2019\\\/06\\\/60680332_10219710581134474_9077810926563885056_n.jpg&quot;}],&quot;background_slideshow_loop&quot;:&quot;yes&quot;,&quot;background_slideshow_slide_duration&quot;:5000,&quot;background_slideshow_slide_transition&quot;:&quot;fade&quot;,&quot;background_slideshow_transition_duration&quot;:500}\">\n\t\t\t\t\t\t<div class=\"elementor-container elementor-column-gap-default\">\n\t\t\t\t\t<div class=\"elementor-column elementor-col-100 elementor-top-column elementor-element elementor-element-31b060c\" data-id=\"31b060c\" data-element_type=\"column\" data-e-type=\"column\">\n\t\t\t<div class=\"elementor-widget-wrap elementor-element-populated\">\n\t\t\t\t\t\t<div class=\"elementor-element elementor-element-cfd19d4 elementor-widget elementor-widget-heading\" data-id=\"cfd19d4\" data-element_type=\"widget\" data-e-type=\"widget\" data-widget_type=\"heading.default\">\n\t\t\t\t<div class=\"elementor-widget-container\">\n\t\t\t\t\t<h1 class=\"elementor-heading-title elementor-size-default\">CURSOS<\/h1>\t\t\t\t<\/div>\n\t\t\t\t<\/div>\n\t\t\t\t\t<\/div>\n\t\t<\/div>\n\t\t\t\t\t<\/div>\n\t\t<\/section>\n\t\t\t\t<section class=\"elementor-section elementor-top-section elementor-element elementor-element-2f6b3e34 elementor-section-content-middle elementor-section-stretched elementor-section-boxed elementor-section-height-default elementor-section-height-default\" data-id=\"2f6b3e34\" data-element_type=\"section\" data-e-type=\"section\" data-settings=\"{&quot;background_background&quot;:&quot;classic&quot;,&quot;stretch_section&quot;:&quot;section-stretched&quot;}\">\n\t\t\t\t\t\t<div class=\"elementor-container elementor-column-gap-no\">\n\t\t\t\t\t<div class=\"elementor-column elementor-col-100 elementor-top-column elementor-element elementor-element-2e57eaa4\" data-id=\"2e57eaa4\" data-element_type=\"column\" data-e-type=\"column\">\n\t\t\t<div class=\"elementor-widget-wrap elementor-element-populated\">\n\t\t\t\t\t\t<div class=\"elementor-element elementor-element-55fe2118 elementor-widget elementor-widget-toggle\" data-id=\"55fe2118\" data-element_type=\"widget\" data-e-type=\"widget\" data-widget_type=\"toggle.default\">\n\t\t\t\t<div class=\"elementor-widget-container\">\n\t\t\t\t\t\t\t<div class=\"elementor-toggle\">\n\t\t\t\t\t\t\t<div class=\"elementor-toggle-item\">\n\t\t\t\t\t<div id=\"elementor-tab-title-1441\" class=\"elementor-tab-title\" data-tab=\"1\" role=\"button\" aria-controls=\"elementor-tab-content-1441\" aria-expanded=\"false\">\n\t\t\t\t\t\t\t\t\t\t\t\t<span class=\"elementor-toggle-icon elementor-toggle-icon-right\" aria-hidden=\"true\">\n\t\t\t\t\t\t\t\t\t\t\t\t\t\t\t<span class=\"elementor-toggle-icon-closed\"><i class=\"fas fa-caret-right\"><\/i><\/span>\n\t\t\t\t\t\t\t\t<span class=\"elementor-toggle-icon-opened\"><i class=\"elementor-toggle-icon-opened fas fa-caret-up\"><\/i><\/span>\n\t\t\t\t\t\t\t\t\t\t\t\t\t<\/span>\n\t\t\t\t\t\t\t\t\t\t\t\t<a class=\"elementor-toggle-title\" tabindex=\"0\">CURSO HABILITANTE DE TIRO PRACTICO<\/a>\n\t\t\t\t\t<\/div>\n\n\t\t\t\t\t<div id=\"elementor-tab-content-1441\" class=\"elementor-tab-content elementor-clearfix\" data-tab=\"1\" role=\"region\" aria-labelledby=\"elementor-tab-title-1441\"><p><strong>Lugar: Tiro Federal de Lomas de Zamora<\/strong><br \/><strong>Duracion: 8 Clases<\/strong><br \/><strong>Cupo maximo: 8 tiradores<\/strong><\/p><h4><br \/><span style=\"color: #ff0000;\">Temario:<\/span><\/h4><p>El presente curso habilita a los tiradores que lo aprueben a participar de competencias de tiro practico y\/o a utilizar los campos de dicha disciplina (segun reglamento de cada club)<br \/>El curso consta de 8 clases teoricas y practicas. <br \/>El cursante debera disparar un torneo al finalizar el curso sin tener fallas de seguridad para poder aprobarlo.<\/p><h4><span style=\"color: #ff0000;\">REGLAMENTO Y NORMAS DE SEGURIDAD<\/span><\/h4><p>BASES FUNDAMENTALES DEL DEPORTE<br \/>DESENFUNDE Y POSICIONES DE SALIDA<br \/>GRIP \u2013 MANO H\u00c1BIL \u2013 MANO INH\u00c1BIL<br \/>CONTROL DEL DISPARADOR<br \/>PASAJE Y ENCARE DE BLANCOS<br \/>RECARGA (CAMBIO DE CARGADOR)<br \/>INTERPRETACI\u00d3N DEL BRIEFING (RECORRIDO DE CAMPO)<br \/>ENTRENAMIENTO EN SECO Y VIVO<br \/>DESPLAZAMIENTO<br \/>EJERCICIOS CONTROLADOS<br \/>TIRO EN MOVIMIENTO<br \/>LLEGADA Y SALIDA DE PUESTOS<br \/>DISPAROS A MOVILES<br \/>POSICIONES DE TIRO<\/p><h4><span style=\"color: #ff0000;\"><strong>Requisitos:<\/strong><\/span><\/h4><p>C.L.U. Condicional vigente <br \/>pistola minimo calibre 9mm <br \/>2 cargadores<br \/>proteccion auditiva y visual, funda, cinto y portacargadores.<br \/>(Puedo prestar equipo y arma si se necesita)<br \/>Aproximadamente 200 disparos por clase<br \/>Diploma habilitante para competencias IPSC Nacionales e Internacionales<\/p><\/div>\n\t\t\t\t<\/div>\n\t\t\t\t\t\t\t<div class=\"elementor-toggle-item\">\n\t\t\t\t\t<div id=\"elementor-tab-title-1442\" class=\"elementor-tab-title\" data-tab=\"2\" role=\"button\" aria-controls=\"elementor-tab-content-1442\" aria-expanded=\"false\">\n\t\t\t\t\t\t\t\t\t\t\t\t<span class=\"elementor-toggle-icon elementor-toggle-icon-right\" aria-hidden=\"true\">\n\t\t\t\t\t\t\t\t\t\t\t\t\t\t\t<span class=\"elementor-toggle-icon-closed\"><i class=\"fas fa-caret-right\"><\/i><\/span>\n\t\t\t\t\t\t\t\t<span class=\"elementor-toggle-icon-opened\"><i class=\"elementor-toggle-icon-opened fas fa-caret-up\"><\/i><\/span>\n\t\t\t\t\t\t\t\t\t\t\t\t\t<\/span>\n\t\t\t\t\t\t\t\t\t\t\t\t<a class=\"elementor-toggle-title\" tabindex=\"0\">CURSO CON ARMAS CORTAS<\/a>\n\t\t\t\t\t<\/div>\n\n\t\t\t\t\t<div id=\"elementor-tab-content-1442\" class=\"elementor-tab-content elementor-clearfix\" data-tab=\"2\" role=\"region\" aria-labelledby=\"elementor-tab-title-1442\"><h4><span style=\"color: #ff0000;\">CURSO DE PERFECCIONAMIENTO DE TECNICAS CON ARMAS CORTAS<\/span><\/h4><p><br \/>El inter\u00e9s demostrado por el Tiro Practico me ha hecho llegar varias consultas acerca de los cursos de la disciplina.<br \/>Muchos tiradores no disponen del tiempo necesario para realizar un curso largo de 8 clases un d\u00eda a la semana o quiz\u00e1s no sea la intenci\u00f3n competir en esta disciplina, solo quieren adquirir mejores conocimientos del manejo de las armas cortas.<br \/>Por tal motivo y evaluando lo anterior desarroll\u00e9 un nuevo curso llamado \u00abCurso de Perfeccionamiento de T\u00e9cnicas con Armas Cortas\u00bb.<br \/>El objetivo de este curso est\u00e1 orientado a cualquier Legitimo Usuario Condicional que quiera perfeccionarse y conocer m\u00e1s detalladamente las t\u00e9cnicas aplicadas al Tiro Practico sin explayarse en el reglamento del deporte, solo en las normas de seguridad.<\/p><h4><span style=\"color: #ff0000;\"><br \/>Duraci\u00f3n:<\/span><\/h4><p><br \/>De no m\u00e1s de 4 tiradores por clase.<br \/>Cantidad de disparos:<br \/>400 disparos (aproximadamente 200 por clase)<br \/>Lugar: Tiro Federal de Lomas de Zamora.<br \/>Juan XXIII y v\u00edas del ferrocarril.<br \/>Lomas de Zamora<\/p><h4><span style=\"color: #ff0000;\">Requisitos:<\/span><\/h4><p>Credencial LU Condicional al d\u00eda.<br \/>Pistola semiautom\u00e1tica calibre m\u00ednimo 9mm<br \/>Funda externa<br \/>2 cargadores<br \/>Portacargadores<br \/>Protecci\u00f3n visual y auditiva.<\/p><h4><span style=\"color: #ff0000;\">Temario:<\/span><\/h4><p>Correcci\u00f3n y control de disparos en velocidad<br \/>Pasaje y adquisici\u00f3n de blancos<br \/>Desenfunde y diferentes condiciones de salida<br \/>Cambio de cargadores<br \/>Disparos en movimiento<br \/>Valor del curso:<br \/>$2000 Grupal, $4000 Individual, m\u00e1s ingreso al club y estacionamiento.<\/p><\/div>\n\t\t\t\t<\/div>\n\t\t\t\t\t\t\t<div class=\"elementor-toggle-item\">\n\t\t\t\t\t<div id=\"elementor-tab-title-1443\" class=\"elementor-tab-title\" data-tab=\"3\" role=\"button\" aria-controls=\"elementor-tab-content-1443\" aria-expanded=\"false\">\n\t\t\t\t\t\t\t\t\t\t\t\t<span class=\"elementor-toggle-icon elementor-toggle-icon-right\" aria-hidden=\"true\">\n\t\t\t\t\t\t\t\t\t\t\t\t\t\t\t<span class=\"elementor-toggle-icon-closed\"><i class=\"fas fa-caret-right\"><\/i><\/span>\n\t\t\t\t\t\t\t\t<span class=\"elementor-toggle-icon-opened\"><i class=\"elementor-toggle-icon-opened fas fa-caret-up\"><\/i><\/span>\n\t\t\t\t\t\t\t\t\t\t\t\t\t<\/span>\n\t\t\t\t\t\t\t\t\t\t\t\t<a class=\"elementor-toggle-title\" tabindex=\"0\">CLASES, ENTRENAMIENTO Y CLINICAS DE TIRO PRACTICO<\/a>\n\t\t\t\t\t<\/div>\n\n\t\t\t\t\t<div id=\"elementor-tab-content-1443\" class=\"elementor-tab-content elementor-clearfix\" data-tab=\"3\" role=\"region\" aria-labelledby=\"elementor-tab-title-1443\"><h4><span style=\"color: #ff0000;\">Niveles iniciaci\u00f3n:<\/span><\/h4><p><strong>Avanzados \u2013 Divisiones standar \u2013 Produccion \u2013 Individuales y Grupales<\/strong><\/p><h4><br \/><span style=\"color: #ff0000;\">CL\u00cdNICAS DE TIRO PR\u00c1CTICO<\/span><\/h4><p><br \/>La necesidad de varios clubes, instituciones o grupos de tiradores de conocer m\u00e1s de<br \/>cerca las caracter\u00edsticas del TP e incorporar esta disciplina, me hicieron desarrollar<\/p><p>una cl\u00ednica demostrativa donde se expone en vivo los pormenores del deporte.<br \/>La idea es brindar a los presentes la mayor informaci\u00f3n y charlar sobre el TP en cuanto<br \/>a sus objetivos, armas utilizadas, equipamiento, ejercicios, como tambi\u00e9n quitar<br \/>todas esas dudas que pueden surgir al momento de tomar la acertada decisi\u00f3n de iniciarse<\/p><p>en este maravilloso deporte.<br \/>Estas cl\u00ednicas son normalmente de jornada completa y el desarrollo es armado de acuerdo al objetivo de cada<br \/>necesidad.<br \/><br \/><\/p><h4><span style=\"color: #ff0000;\">CLASES INDIVIDUALES Y GRUPALES<\/span><\/h4><p>Luego de habilitarse muchos tiradores ven y sienten la necesidad de corregir, mejorar y\/o mantener las t\u00e9cnicas<br \/>adquiridas para avanzar en el deporte y evitar la creacion de los complejos \u00abmalos h\u00e1bitos\u00bb que se resisten<br \/>a ser eliminados sino se modifican a tiempo.<br \/>Este tipo de clases est\u00e1n desarrolladas justamente apuntando a todo ello, con la atenci\u00f3n en forma<br \/>personalizada de cada uno de los cursantes.<\/p><p>Dias y horarios a convenir.<br \/><br \/><\/p><h4><span style=\"color: #ff0000;\">ENTRENAMIENTO DIRIGIDO<\/span><\/h4><p>Crear una forma de entrenar con m\u00e1s sobrecarga de acuerdo a la necesidad de cada uno, es tarea dif\u00edcil si se<br \/>hace en forma solitaria. Muchas veces tenemos defectos que solo son visibles desde afuera.<br \/>La finalidad de estos entrenamientos es entrenar con ejercicios f\u00edsicos y mentales personalizados en donde<br \/>disparo junto a los alumnos y juntos evaluamos la t\u00e9cnica detalladamente.<br \/>Dias y horarios a convenir.<\/p><\/div>\n\t\t\t\t<\/div>\n\t\t\t\t\t\t\t\t<\/div>\n\t\t\t\t\t\t<\/div>\n\t\t\t\t<\/div>\n\t\t\t\t\t<\/div>\n\t\t<\/div>\n\t\t\t\t\t<\/div>\n\t\t<\/section>\n\t\t\t\t<section class=\"elementor-section elementor-top-section elementor-element elementor-element-3ddf9dc7 elementor-section-stretched elementor-section-boxed elementor-section-height-default elementor-section-height-default\" data-id=\"3ddf9dc7\" data-element_type=\"section\" data-e-type=\"section\" data-settings=\"{&quot;stretch_section&quot;:&quot;section-stretched&quot;}\">\n\t\t\t\t\t\t<div class=\"elementor-container elementor-column-gap-default\">\n\t\t\t\t\t<div class=\"elementor-column elementor-col-100 elementor-top-column elementor-element elementor-element-29f17740\" data-id=\"29f17740\" data-element_type=\"column\" data-e-type=\"column\">\n\t\t\t<div class=\"elementor-widget-wrap elementor-element-populated\">\n\t\t\t\t\t\t<div class=\"elementor-element elementor-element-3d29f6e0 elementor-shape-rounded elementor-grid-0 e-grid-align-center elementor-widget elementor-widget-social-icons\" data-id=\"3d29f6e0\" data-element_type=\"widget\" data-e-type=\"widget\" data-widget_type=\"social-icons.default\">\n\t\t\t\t<div class=\"elementor-widget-container\">\n\t\t\t\t\t\t\t<div class=\"elementor-social-icons-wrapper elementor-grid\" role=\"list\">\n\t\t\t\t\t\t\t<span class=\"elementor-grid-item\" role=\"listitem\">\n\t\t\t\t\t<a class=\"elementor-icon elementor-social-icon elementor-social-icon-facebook-f elementor-repeater-item-19f00e6\" href=\"https:\/\/www.facebook.com\/adrian.burgos.39\" target=\"_blank\">\n\t\t\t\t\t\t<span class=\"elementor-screen-only\">Facebook-f<\/span>\n\t\t\t\t\t\t<i aria-hidden=\"true\" class=\"fab fa-facebook-f\"><\/i>\t\t\t\t\t<\/a>\n\t\t\t\t<\/span>\n\t\t\t\t\t\t\t<span class=\"elementor-grid-item\" role=\"listitem\">\n\t\t\t\t\t<a class=\"elementor-icon elementor-social-icon elementor-social-icon-instagram elementor-repeater-item-76a7324\" href=\"https:\/\/www.instagram.com\/adrianburgosipsc\/\" target=\"_blank\">\n\t\t\t\t\t\t<span class=\"elementor-screen-only\">Instagram<\/span>\n\t\t\t\t\t\t<i aria-hidden=\"true\" class=\"fab fa-instagram\"><\/i>\t\t\t\t\t<\/a>\n\t\t\t\t<\/span>\n\t\t\t\t\t\t\t<span class=\"elementor-grid-item\" role=\"listitem\">\n\t\t\t\t\t<a class=\"elementor-icon elementor-social-icon elementor-social-icon-youtube elementor-repeater-item-ab96798\" href=\"https:\/\/www.youtube.com\/user\/adrianburgoscomar\" target=\"_blank\">\n\t\t\t\t\t\t<span class=\"elementor-screen-only\">Youtube<\/span>\n\t\t\t\t\t\t<i aria-hidden=\"true\" class=\"fab fa-youtube\"><\/i>\t\t\t\t\t<\/a>\n\t\t\t\t<\/span>\n\t\t\t\t\t\t\t<span class=\"elementor-grid-item\" role=\"listitem\">\n\t\t\t\t\t<a class=\"elementor-icon elementor-social-icon elementor-social-icon-whatsapp elementor-repeater-item-90d6184\" href=\"https:\/\/api.whatsapp.com\/send\/?phone=5491165095820&#038;text=Hola&#038;type=phone_number&#038;app_absent=0\" target=\"_blank\">\n\t\t\t\t\t\t<span class=\"elementor-screen-only\">Whatsapp<\/span>\n\t\t\t\t\t\t<i aria-hidden=\"true\" class=\"fab fa-whatsapp\"><\/i>\t\t\t\t\t<\/a>\n\t\t\t\t<\/span>\n\t\t\t\t\t<\/div>\n\t\t\t\t\t\t<\/div>\n\t\t\t\t<\/div>\n\t\t\t\t\t<\/div>\n\t\t<\/div>\n\t\t\t\t\t<\/div>\n\t\t<\/section>\n\t\t\t\t<\/div>\n\t\t","protected":false},"excerpt":{"rendered":"<p>CURSOS CURSO HABILITANTE DE TIRO PRACTICO Lugar: Tiro Federal de Lomas de ZamoraDuracion: 8 ClasesCupo maximo: 8 tiradores Temario: El presente curso habilita a los tiradores que lo aprueben a participar de competencias de tiro practico y\/o a utilizar los campos de dicha disciplina (segun reglamento de cada club)El curso consta de 8 clases teoricas&#8230;<\/p>\n","protected":false},"author":1,"featured_media":0,"parent":0,"menu_order":0,"comment_status":"closed","ping_status":"closed","template":"","meta":{"ngg_post_thumbnail":0,"_kadence_starter_templates_imported_post":false,"_kad_post_transparent":"","_kad_post_title":"","_kad_post_layout":"","_kad_post_sidebar_id":"","_kad_post_content_style":"","_kad_post_vertical_padding":"","_kad_post_feature":"","_kad_post_feature_position":"","_kad_post_header":false,"_kad_post_footer":false,"_kad_post_classname":"","footnotes":""},"class_list":["post-181","page","type-page","status-publish","hentry"],"_links":{"self":[{"href":"https:\/\/www.adrianburgos.com.ar\/index.php\/wp-json\/wp\/v2\/pages\/181","targetHints":{"allow":["GET"]}}],"collection":[{"href":"https:\/\/www.adrianburgos.com.ar\/index.php\/wp-json\/wp\/v2\/pages"}],"about":[{"href":"https:\/\/www.adrianburgos.com.ar\/index.php\/wp-json\/wp\/v2\/types\/page"}],"author":[{"embeddable":true,"href":"https:\/\/www.adrianburgos.com.ar\/index.php\/wp-json\/wp\/v2\/users\/1"}],"replies":[{"embeddable":true,"href":"https:\/\/www.adrianburgos.com.ar\/index.php\/wp-json\/wp\/v2\/comments?post=181"}],"version-history":[{"count":6,"href":"https:\/\/www.adrianburgos.com.ar\/index.php\/wp-json\/wp\/v2\/pages\/181\/revisions"}],"predecessor-version":[{"id":1480,"href":"https:\/\/www.adrianburgos.com.ar\/index.php\/wp-json\/wp\/v2\/pages\/181\/revisions\/1480"}],"wp:attachment":[{"href":"https:\/\/www.adrianburgos.com.ar\/index.php\/wp-json\/wp\/v2\/media?parent=181"}],"curies":[{"name":"wp","href":"https:\/\/api.w.org\/{rel}","templated":true}]}}