{"id":179,"date":"2019-06-09T20:28:05","date_gmt":"2019-06-09T20:28:05","guid":{"rendered":"http:\/\/adrianburgos.com.ar.elserver.com\/?page_id=179"},"modified":"2026-03-28T18:22:07","modified_gmt":"2026-03-28T21:22:07","slug":"curriculum","status":"publish","type":"page","link":"https:\/\/www.adrianburgos.com.ar\/index.php\/curriculum\/","title":{"rendered":"CURRICULUM"},"content":{"rendered":"\t\t<div data-elementor-type=\"wp-post\" data-elementor-id=\"179\" class=\"elementor elementor-179\" data-elementor-post-type=\"page\">\n\t\t\t\t\t\t<section class=\"elementor-section elementor-top-section elementor-element elementor-element-1a153c9 elementor-section-stretched elementor-section-height-min-height elementor-section-items-bottom elementor-section-content-bottom elementor-section-boxed elementor-section-height-default\" data-id=\"1a153c9\" data-element_type=\"section\" data-e-type=\"section\" data-settings=\"{&quot;background_background&quot;:&quot;slideshow&quot;,&quot;stretch_section&quot;:&quot;section-stretched&quot;,&quot;background_slideshow_gallery&quot;:[{&quot;id&quot;:1171,&quot;url&quot;:&quot;http:\\\/\\\/localhost\\\/burgos\\\/wp-content\\\/uploads\\\/2021\\\/08\\\/14088662_10210410635121636_1164511448244659520_n.jpg&quot;}],&quot;background_slideshow_loop&quot;:&quot;yes&quot;,&quot;background_slideshow_slide_duration&quot;:5000,&quot;background_slideshow_slide_transition&quot;:&quot;fade&quot;,&quot;background_slideshow_transition_duration&quot;:500}\">\n\t\t\t\t\t\t<div class=\"elementor-container elementor-column-gap-default\">\n\t\t\t\t\t<div class=\"elementor-column elementor-col-100 elementor-top-column elementor-element elementor-element-2186882\" data-id=\"2186882\" data-element_type=\"column\" data-e-type=\"column\">\n\t\t\t<div class=\"elementor-widget-wrap elementor-element-populated\">\n\t\t\t\t\t\t<div class=\"elementor-element elementor-element-52d9472 elementor-widget elementor-widget-heading\" data-id=\"52d9472\" data-element_type=\"widget\" data-e-type=\"widget\" data-widget_type=\"heading.default\">\n\t\t\t\t<div class=\"elementor-widget-container\">\n\t\t\t\t\t<h1 class=\"elementor-heading-title elementor-size-default\">CURRICULUM<\/h1>\t\t\t\t<\/div>\n\t\t\t\t<\/div>\n\t\t\t\t\t<\/div>\n\t\t<\/div>\n\t\t\t\t\t<\/div>\n\t\t<\/section>\n\t\t\t\t<section class=\"elementor-section elementor-top-section elementor-element elementor-element-230c8fb8 elementor-section-full_width elementor-section-content-top elementor-section-stretched elementor-section-height-default elementor-section-height-default\" data-id=\"230c8fb8\" data-element_type=\"section\" data-e-type=\"section\" data-settings=\"{&quot;stretch_section&quot;:&quot;section-stretched&quot;}\">\n\t\t\t\t\t\t<div class=\"elementor-container elementor-column-gap-no\">\n\t\t\t\t\t<div class=\"elementor-column elementor-col-50 elementor-top-column elementor-element elementor-element-4915f987\" data-id=\"4915f987\" data-element_type=\"column\" data-e-type=\"column\" data-settings=\"{&quot;background_background&quot;:&quot;classic&quot;}\">\n\t\t\t<div class=\"elementor-widget-wrap elementor-element-populated\">\n\t\t\t\t\t<div class=\"elementor-background-overlay\"><\/div>\n\t\t\t\t\t\t<div class=\"elementor-element elementor-element-caf331b elementor-widget elementor-widget-text-editor\" data-id=\"caf331b\" data-element_type=\"widget\" data-e-type=\"widget\" data-widget_type=\"text-editor.default\">\n\t\t\t\t<div class=\"elementor-widget-container\">\n\t\t\t\t\t\t\t\t\t<h1><span style=\"color: #ffffff; font-size: 38px;\">ADRIAN BURGOS<\/span><\/h1>\n<h1><span style=\"color: #ffffff; font-size: 28px;\">Profesor Instructor de tiro<\/span><\/h1>\t\t\t\t\t\t\t\t<\/div>\n\t\t\t\t<\/div>\n\t\t\t\t\t<\/div>\n\t\t<\/div>\n\t\t\t\t<div class=\"elementor-column elementor-col-50 elementor-top-column elementor-element elementor-element-5327ce10\" data-id=\"5327ce10\" data-element_type=\"column\" data-e-type=\"column\">\n\t\t\t<div class=\"elementor-widget-wrap elementor-element-populated\">\n\t\t\t\t\t\t<div class=\"elementor-element elementor-element-4d3fee14 elementor-widget elementor-widget-text-editor\" data-id=\"4d3fee14\" data-element_type=\"widget\" data-e-type=\"widget\" data-widget_type=\"text-editor.default\">\n\t\t\t\t<div class=\"elementor-widget-container\">\n\t\t\t\t\t\t\t\t\t<h3><\/h3>\n<h3><span style=\"color: #ffffff;\">Como Tirador de Tiro Practico<\/span><\/h3>\n<ul>\n \t<li style=\"list-style-type: none;\">\n<ul>\n \t<li style=\"color: #ffffff;\"><span style=\"color: #ffffff;\">Tirador federado a la F.T.P.R.A (Federaci\u00f3n de tiro pr\u00e1ctico de la Republica Argentina) desde el a\u00f1o 1994.<\/span><\/li>\n \t<li style=\"color: #ffffff;\"><span style=\"color: #ffffff;\">Campe\u00f3n Ranking anual Tiro Federal Lomas Zamora a\u00f1o 1995<\/span><\/li>\n \t<li style=\"color: #ffffff;\"><span style=\"color: #ffffff;\">Integrante Equipo Nacional Argentino World Shoot 1996 Brasilia<\/span><\/li>\n \t<li style=\"color: #ffffff;\"><span style=\"color: #ffffff;\">Participante en diferentes pa\u00edses del mundo en : 18 Campeonatos Nacionales de Tiro Practico, 5 Copas Mercosur, 15 Abiertos Mundiales, 5 Latinoamericanos, 3 Panamericanos, 3 World Shoot.<\/span><\/li>\n \t<li style=\"color: #ffffff;\"><span style=\"color: #ffffff;\">Actual integrante del Equipo Nacional de Tiro Practico de la Republica Argentina en la divisi\u00f3n Standard.<\/span><\/li>\n \t<li style=\"color: #ffffff;\"><span style=\"color: #ffffff;\">Campe\u00f3n Metropolitano de Tiro Pr\u00e1ctico a\u00f1o 2014<\/span><\/li>\n \t<li style=\"color: #ffffff;\"><span style=\"color: #ffffff;\">Campe\u00f3n Metropolitano de Tiro Pr\u00e1ctico a\u00f1o 2007<\/span><\/li>\n \t<li style=\"color: #ffffff;\"><span style=\"color: #ffffff;\">Campe\u00f3n Metropolitano de Tiro Practico a\u00f1o 2008<\/span><\/li>\n \t<li style=\"color: #ffffff;\"><span style=\"color: #ffffff;\">Puesto Individual Campeonato Panamericano de Tiro Practico Brasilia<\/span><\/li>\n \t<li style=\"color: #ffffff;\"><span style=\"color: #ffffff;\">Campe\u00f3n Torneo Verano 2008 Academia de Tiro Robin<\/span><\/li>\n \t<li style=\"color: #ffffff;\"><span style=\"color: #ffffff;\">Campe\u00f3n Torneo Verano 2008 Tiro Federal Argentino Buenos Aires<\/span><\/li>\n \t<li style=\"color: #ffffff;\"><span style=\"color: #ffffff;\">Campe\u00f3n Torneo Verano 2008 Tiro Federal Lomas de Zamora<\/span><\/li>\n \t<li style=\"color: #ffffff;\"><span style=\"color: #ffffff;\">Campe\u00f3n Panamericano con el Equipo Nacional Argentino en Brasilia \u2013 Brasil 2006<\/span><\/li>\n \t<li style=\"color: #ffffff;\"><span style=\"color: #ffffff;\">Campeon Panamericano con el Equipo Nacional Argentina en Guayaquil \u2013 Ecuador 2009<\/span><\/li>\n \t<li style=\"color: #ffffff;\"><span style=\"color: #ffffff;\">Campeon Lationoamericano con el Equipo Nacional en Bs As \u2013 Argentina 2010<\/span><\/li>\n \t<li style=\"color: #ffffff;\"><span style=\"color: #ffffff;\">Ganador de la 5 etapa del World Shoot 2008 Indonesia &#8211; Bali<\/span><\/li>\n \t<li style=\"color: #ffffff;\"><span style=\"color: #ffffff;\">Sub Campe\u00f3n Campeonato Federal Argentino 2008<\/span><\/li>\n \t<li style=\"color: #ffffff;\"><span style=\"color: #ffffff;\">Ganador de mas de 60 medallas Presidente (m\u00e1ximo galard\u00f3n) otorgadas por I.P.S.C. (Internacional Practical Shooting Confederation) &#8211; Sexto puesto mundial en el listado de honor de la I.P.S.C. en obtenci\u00f3n de medallas presidente a\u00f1o 2007.<\/span><\/li>\n \t<li style=\"color: #ffffff;\"><span style=\"color: #ffffff;\">Mas de 200 torneos nivel nacional obteniendo el 1er. Lugar<\/span><\/li>\n \t<li style=\"color: #ffffff;\"><span style=\"color: #ffffff;\">Campeon Metropolitano IPSC 2015<\/span><\/li>\n \t<li style=\"color: #ffffff;\"><span style=\"color: #ffffff;\">Campeon Nacional Standard Senior 2015<\/span><\/li>\n \t<li style=\"color: #ffffff;\"><span style=\"color: #ffffff;\">Sub Campeon Nacional Standard Overall IPSC 2015<\/span><\/li>\n \t<li style=\"color: #ffffff;\"><span style=\"color: #ffffff;\">Campeon Latinoamericano standard division 2016<\/span><\/li>\n \t<li style=\"color: #ffffff;\"><span style=\"color: #ffffff;\">Campeon Latinoamericano Team Argentino std div 2016<\/span><\/li>\n \t<li style=\"color: #ffffff;\"><span style=\"color: #ffffff;\">Campeon Latinoamericano Cat Senior Std Div 2016<\/span><\/li>\n \t<li style=\"color: #ffffff;\"><span style=\"color: #ffffff;\">\u00a0<\/span>Campe\u00f3n Metropolitano IPSC 2018<\/li>\n \t<li style=\"color: #ffffff;\">\u00a0Campe\u00f3n Open de Paraguay Senior 2018<\/li>\n \t<li style=\"color: #ffffff;\">Campe\u00f3n Nacional S\u00e9nior IPSC Div Producci\u00f3n 2018<\/li>\n \t<li style=\"color: #ffffff;\">\u00a0Campe\u00f3n Argentina Open Senior Div Producci\u00f3n 2018<\/li>\n \t<li style=\"color: #ffffff;\">\u00a0Campe\u00f3n social TF Lomas de Zamora Div Producci\u00f3n 2018<\/li>\n \t<li style=\"color: #ffffff;\">Campe\u00f3n\u00a0Chile Open Div Prod Senior 2018<\/li>\n \t<li style=\"color: #ffffff;\">Campe\u00f3n\u00a0Argentina Open Senior Div Producci\u00f3n\u00a0 2019<\/li>\n \t<li style=\"color: #ffffff;\">Campe\u00f3n Nacional Producci\u00f3n Senior 2019<\/li>\n \t<li style=\"color: #ffffff;\">Campe\u00f3n Latinoamericano Producci\u00f3n Senior 2019<\/li>\n \t<li style=\"color: #ffffff;\">Campe\u00f3n Latinoamericano por Equipos 2019<\/li>\n \t<li style=\"color: #ffffff;\"><span style=\"font-family: var(--global-body-font-family);\">Campe\u00f3n\u00a0Arg Open 2022 overall Div Standard<\/span><\/li>\n \t<li style=\"color: #ffffff;\">Campe\u00f3n\u00a0Arg Open 2022 senior Div Standard<\/li>\n \t<li style=\"color: #ffffff;\">Sub Campe\u00f3n\u00a0Nacional STD Overall 2022<\/li>\n \t<li style=\"color: #ffffff;\">Campe\u00f3n\u00a0Nacional Senior STD 2022<\/li>\n \t<li style=\"color: #ffffff;\">Sub Campe\u00f3n\u00a0Nacional\u00a0STD Overall 2023<\/li>\n \t<li style=\"color: #ffffff;\">Campe\u00f3n\u00a0Nacional STD Senior 2023<\/li>\n \t<li style=\"color: #ffffff;\">Campe\u00f3n Argentino Produccion Super Senior 2024<\/li>\n \t<li style=\"color: #ffffff;\">Campe\u00f3n Argentina Open Produccion Super Senior 2025<\/li>\n \t<li style=\"color: #ffffff;\">3er puesto S Senior Produccion World Shoot IPSC Sud\u00e1frica\u00a02025<\/li>\n \t<li style=\"color: #ffffff;\">Campeon Argentino 2025 Produccion\u00a0Super\u00a0Senior<\/li>\n \t<li style=\"color: #ffffff;\">Campeon Nacional 2025 Produccion\u00a0Super\u00a0Senior<\/li>\n \t<li style=\"color: #ffffff;\">Campeon anual general Produccion TFLZ 2025<\/li>\n \t<li style=\"color: #ffffff;\">Campeon anual Super Senior Produccion TFLZ 2025<\/li>\n \t<li><span style=\"color: #ffffff;\">Campe\u00f3n Super Senior Argentina Open 2026\n<\/span><\/li>\n<\/ul>\n<\/li>\n<\/ul>\n<h3><span style=\"color: #ffffff;\">\u00a0<\/span><\/h3>\n<h3><span style=\"color: #ffffff;\">Como Instructor de Tiro Practico<\/span><\/h3>\n<ul>\n \t<li style=\"color: #ffffff;\"><span style=\"color: #ffffff;\">Director de la Academia de Tiro Punto40 IGT 1058<\/span><\/li>\n \t<li style=\"color: #ffffff;\"><span style=\"color: #ffffff;\">Cursos grupales, individuales y cl\u00ednicas de Tiro Practico dictados desde el a\u00f1o 2002 en distintas oportunidades y en los siguientes sitios:<\/span>\n<span style=\"color: #ffffff;\">Tiro Federal de Lomas de Zamora &#8211; Tiro Federal Quilmes &#8211; Tiro Federal La Plata &#8211; Tiro Federal Rio III Cordoba &#8211; Tiro Federal Tucum\u00e1n &#8211; Tiro Federal Necoch\u00e9a &#8211; Centro de Cazadores del Oeste &#8211; Academia de Tiro Robin &#8211; Tiro Federal Concepcion del Uruguay \u2013 Entre Rios &#8211; Club Paraguayo de Tiro \u2013 Asunci\u00f3n \u2013 Republica de Paraguay &#8211; Club de tiro Tralkan Chile &#8211; Club de Tiro Deportivo \u00d1ielol &#8211; Temuco, Chile &#8211;<\/span><\/li>\n \t<li style=\"color: #ffffff;\"><span style=\"color: #ffffff;\">Entrenador de tiradores integrantes de los equipos nacionales argentinos.<\/span><\/li>\n \t<li style=\"color: #ffffff;\"><span style=\"color: #ffffff;\">Instructor y entrenador del Campe\u00f3n Nacional Chileno 2008<\/span><\/li>\n \t<li style=\"color: #ffffff;\"><span style=\"color: #ffffff;\">Instructor y entrenador del Campe\u00f3n Nacional Junior Chileno 2008<\/span><\/li>\n \t<li style=\"color: #ffffff;\"><span style=\"color: #ffffff;\">Curso a tiradores de la Republica Oriental del Uruguay<\/span><\/li>\n \t<li style=\"color: #ffffff;\"><span style=\"color: #ffffff;\">Habilitaci\u00f3n a mas de 200 tiradores para competencias de Tiro Pr\u00e1ctico en la Republica Argentina.<\/span><\/li>\n \t<li style=\"color: #ffffff;\"><span style=\"color: #ffffff;\">Columnista sobre Tiro Practico en la Revista M\u00e1gnum<\/span><\/li>\n \t<li style=\"color: #ffffff;\"><span style=\"color: #ffffff;\">Diploma de reconocimiento de la F.T.P.R.A. (Federaci\u00f3n de Tiro Practico de la Republica Argentina) como instructor I.P.S.C.<\/span><\/li>\n \t<li style=\"color: #ffffff;\">Cursos en Chile IPSC Nivel 1, 2 y avanzados 2022 y 2023<\/li>\n \t<li style=\"color: #ffffff;\">Cursos en Mexico IPSC Nivel 1, 2 avanzados 2022<\/li>\n \t<li style=\"color: #ffffff;\">Cursos en Panam\u00e1 IPSC Nivel 1, 2 y avanzados 2022<\/li>\n \t<li style=\"color: #ffffff;\">Clases 2022- 2023 On Line Bolivia- Chile-Espa\u00f1a-Colombia-Panam\u00e1-Mexico-Argentina.<\/li>\n \t<li style=\"color: #ffffff;\">Cursos en Panam\u00e1 IPSC Nivel 1,2 y avanzados 2025<\/li>\n \t<li style=\"color: #ffffff;\">Cursos en Mexico IPSC Nivel 1,2 y avanzados 2024<\/li>\n \t<li style=\"color: #ffffff;\">Curso Uruguay Avanzados 2025<\/li>\n \t<li style=\"color: #ffffff;\">Cursos grupales avanzados e indivuales en Guatemala,\u00a0julio\u00a02025<\/li>\n \t<li style=\"color: #ffffff;\"><span style=\"color: #ffffff;\">Club de Tiro El Gaucho &#8211; La Florida\u00a0 Uruguay &#8211; Enero 2026<\/span><\/li>\n \t<li style=\"color: #ffffff;\"><span style=\"color: #ffffff;\">Clases On Line<\/span><\/li>\n<\/ul>\t\t\t\t\t\t\t\t<\/div>\n\t\t\t\t<\/div>\n\t\t\t\t\t<\/div>\n\t\t<\/div>\n\t\t\t\t\t<\/div>\n\t\t<\/section>\n\t\t\t\t<section class=\"elementor-section elementor-top-section elementor-element elementor-element-6fef8410 elementor-section-stretched elementor-section-boxed elementor-section-height-default elementor-section-height-default\" data-id=\"6fef8410\" data-element_type=\"section\" data-e-type=\"section\" data-settings=\"{&quot;stretch_section&quot;:&quot;section-stretched&quot;}\">\n\t\t\t\t\t\t<div class=\"elementor-container elementor-column-gap-default\">\n\t\t\t\t\t<div class=\"elementor-column elementor-col-100 elementor-top-column elementor-element elementor-element-40b33777\" data-id=\"40b33777\" data-element_type=\"column\" data-e-type=\"column\">\n\t\t\t<div class=\"elementor-widget-wrap elementor-element-populated\">\n\t\t\t\t\t\t<div class=\"elementor-element elementor-element-391bff78 elementor-shape-rounded elementor-grid-0 e-grid-align-center elementor-widget elementor-widget-social-icons\" data-id=\"391bff78\" data-element_type=\"widget\" data-e-type=\"widget\" data-widget_type=\"social-icons.default\">\n\t\t\t\t<div class=\"elementor-widget-container\">\n\t\t\t\t\t\t\t<div class=\"elementor-social-icons-wrapper elementor-grid\" role=\"list\">\n\t\t\t\t\t\t\t<span class=\"elementor-grid-item\" role=\"listitem\">\n\t\t\t\t\t<a class=\"elementor-icon elementor-social-icon elementor-social-icon-facebook-f elementor-repeater-item-19f00e6\" href=\"https:\/\/www.facebook.com\/adrian.burgos.39\" target=\"_blank\">\n\t\t\t\t\t\t<span class=\"elementor-screen-only\">Facebook-f<\/span>\n\t\t\t\t\t\t<i aria-hidden=\"true\" class=\"fab fa-facebook-f\"><\/i>\t\t\t\t\t<\/a>\n\t\t\t\t<\/span>\n\t\t\t\t\t\t\t<span class=\"elementor-grid-item\" role=\"listitem\">\n\t\t\t\t\t<a class=\"elementor-icon elementor-social-icon elementor-social-icon-instagram elementor-repeater-item-76a7324\" href=\"https:\/\/www.instagram.com\/adrianburgosipsc\/\" target=\"_blank\">\n\t\t\t\t\t\t<span class=\"elementor-screen-only\">Instagram<\/span>\n\t\t\t\t\t\t<i aria-hidden=\"true\" class=\"fab fa-instagram\"><\/i>\t\t\t\t\t<\/a>\n\t\t\t\t<\/span>\n\t\t\t\t\t\t\t<span class=\"elementor-grid-item\" role=\"listitem\">\n\t\t\t\t\t<a class=\"elementor-icon elementor-social-icon elementor-social-icon-youtube elementor-repeater-item-ab96798\" href=\"https:\/\/www.youtube.com\/user\/adrianburgoscomar\" target=\"_blank\">\n\t\t\t\t\t\t<span class=\"elementor-screen-only\">Youtube<\/span>\n\t\t\t\t\t\t<i aria-hidden=\"true\" class=\"fab fa-youtube\"><\/i>\t\t\t\t\t<\/a>\n\t\t\t\t<\/span>\n\t\t\t\t\t\t\t<span class=\"elementor-grid-item\" role=\"listitem\">\n\t\t\t\t\t<a class=\"elementor-icon elementor-social-icon elementor-social-icon-whatsapp elementor-repeater-item-90d6184\" href=\"https:\/\/api.whatsapp.com\/send\/?phone=5491165095820&#038;text=Hola&#038;type=phone_number&#038;app_absent=0\" target=\"_blank\">\n\t\t\t\t\t\t<span class=\"elementor-screen-only\">Whatsapp<\/span>\n\t\t\t\t\t\t<i aria-hidden=\"true\" class=\"fab fa-whatsapp\"><\/i>\t\t\t\t\t<\/a>\n\t\t\t\t<\/span>\n\t\t\t\t\t<\/div>\n\t\t\t\t\t\t<\/div>\n\t\t\t\t<\/div>\n\t\t\t\t\t<\/div>\n\t\t<\/div>\n\t\t\t\t\t<\/div>\n\t\t<\/section>\n\t\t\t\t<\/div>\n\t\t","protected":false},"excerpt":{"rendered":"<p>CURRICULUM ADRIAN BURGOS Profesor Instructor de tiro Como Tirador de Tiro Practico Tirador federado a la F.T.P.R.A (Federaci\u00f3n de tiro pr\u00e1ctico de la Republica Argentina) desde el a\u00f1o 1994. Campe\u00f3n Ranking anual Tiro Federal Lomas Zamora a\u00f1o 1995 Integrante Equipo Nacional Argentino World Shoot 1996 Brasilia Participante en diferentes pa\u00edses del mundo en : 18&#8230;<\/p>\n","protected":false},"author":1,"featured_media":0,"parent":0,"menu_order":0,"comment_status":"closed","ping_status":"closed","template":"","meta":{"ngg_post_thumbnail":0,"_kadence_starter_templates_imported_post":false,"_kad_post_transparent":"","_kad_post_title":"","_kad_post_layout":"","_kad_post_sidebar_id":"","_kad_post_content_style":"","_kad_post_vertical_padding":"","_kad_post_feature":"","_kad_post_feature_position":"","_kad_post_header":false,"_kad_post_footer":false,"_kad_post_classname":"","footnotes":""},"class_list":["post-179","page","type-page","status-publish","hentry"],"_links":{"self":[{"href":"https:\/\/www.adrianburgos.com.ar\/index.php\/wp-json\/wp\/v2\/pages\/179","targetHints":{"allow":["GET"]}}],"collection":[{"href":"https:\/\/www.adrianburgos.com.ar\/index.php\/wp-json\/wp\/v2\/pages"}],"about":[{"href":"https:\/\/www.adrianburgos.com.ar\/index.php\/wp-json\/wp\/v2\/types\/page"}],"author":[{"embeddable":true,"href":"https:\/\/www.adrianburgos.com.ar\/index.php\/wp-json\/wp\/v2\/users\/1"}],"replies":[{"embeddable":true,"href":"https:\/\/www.adrianburgos.com.ar\/index.php\/wp-json\/wp\/v2\/comments?post=179"}],"version-history":[{"count":36,"href":"https:\/\/www.adrianburgos.com.ar\/index.php\/wp-json\/wp\/v2\/pages\/179\/revisions"}],"predecessor-version":[{"id":1495,"href":"https:\/\/www.adrianburgos.com.ar\/index.php\/wp-json\/wp\/v2\/pages\/179\/revisions\/1495"}],"wp:attachment":[{"href":"https:\/\/www.adrianburgos.com.ar\/index.php\/wp-json\/wp\/v2\/media?parent=179"}],"curies":[{"name":"wp","href":"https:\/\/api.w.org\/{rel}","templated":true}]}}